{"id":1761,"date":"2019-12-20T10:06:43","date_gmt":"2019-12-20T09:06:43","guid":{"rendered":"http:\/\/broconpack.com.w01b900c.kasserver.com\/produits\/"},"modified":"2019-12-20T10:35:42","modified_gmt":"2019-12-20T09:35:42","slug":"produits","status":"publish","type":"page","link":"https:\/\/www.broconpack.com\/fr\/produits\/","title":{"rendered":"Produits"},"content":{"rendered":"<div id='full_slider_1'  class='avia-fullwidth-slider main_color avia-shadow   avia-builder-el-0  el_before_av_section  avia-builder-el-first   container_wrap sidebar_right' style=' '  ><div   data-size='no scaling'  data-lightbox_size='large'  data-animation='fade'  data-conditional_play=''  data-ids='552,556,553,555,550'  data-video_counter='0'  data-autoplay='true'  data-bg_slider='false'  data-slide_height=''  data-handle='av_slideshow_full'  data-interval='6'  data-class=' '  data-el_id=''  data-css_id=''  data-scroll_down=''  data-control_layout='av-control-default'  data-custom_markup=''  data-perma_caption=''  data-autoplay_stopper=''  data-image_attachment=''  data-min_height='0px'  data-lazy_loading='disabled'  data-src=''  data-position='top left'  data-repeat='no-repeat'  data-attach='scroll'  data-stretch=''  class='avia-slideshow avia-slideshow-1  av-control-default av-default-height-applied avia-slideshow-no scaling av_slideshow_full   avia-fade-slider '  itemprop=\"image\" itemscope=\"itemscope\" itemtype=\"https:\/\/schema.org\/ImageObject\" ><ul class='avia-slideshow-inner ' style='padding-bottom: 48%;' ><li  class=' slide-1 ' ><div data-rel='slideshow-1' class='avia-slide-wrap '   ><img class=\"wp-image-1938 avia-img-lazy-loading-not-1938\"  src=\"https:\/\/www.broconpack.com\/wp-content\/uploads\/box-taschen-slider-broconpack.jpg\" width=\"1800\" height=\"864\" title='box-taschen-slider-broconpack' alt=''  itemprop=\"thumbnailUrl\" srcset=\"https:\/\/www.broconpack.com\/wp-content\/uploads\/box-taschen-slider-broconpack.jpg 1800w, https:\/\/www.broconpack.com\/wp-content\/uploads\/box-taschen-slider-broconpack-900x432.jpg 900w, https:\/\/www.broconpack.com\/wp-content\/uploads\/box-taschen-slider-broconpack-768x369.jpg 768w, https:\/\/www.broconpack.com\/wp-content\/uploads\/box-taschen-slider-broconpack-600x288.jpg 600w, https:\/\/www.broconpack.com\/wp-content\/uploads\/box-taschen-slider-broconpack-450x216.jpg 450w\" sizes=\"(max-width: 1800px) 100vw, 1800px\" \/><\/div><\/li><li  class=' slide-2 ' ><div data-rel='slideshow-1' class='avia-slide-wrap '   ><img class=\"wp-image-1942 avia-img-lazy-loading-not-1942\"  src=\"https:\/\/www.broconpack.com\/wp-content\/uploads\/taschen-slider-broconpack.jpg\" width=\"1800\" height=\"864\" title='taschen-slider-broconpack' alt=''  itemprop=\"thumbnailUrl\" srcset=\"https:\/\/www.broconpack.com\/wp-content\/uploads\/taschen-slider-broconpack.jpg 1800w, https:\/\/www.broconpack.com\/wp-content\/uploads\/taschen-slider-broconpack-900x432.jpg 900w, https:\/\/www.broconpack.com\/wp-content\/uploads\/taschen-slider-broconpack-768x369.jpg 768w, https:\/\/www.broconpack.com\/wp-content\/uploads\/taschen-slider-broconpack-600x288.jpg 600w, https:\/\/www.broconpack.com\/wp-content\/uploads\/taschen-slider-broconpack-450x216.jpg 450w\" sizes=\"(max-width: 1800px) 100vw, 1800px\" \/><\/div><\/li><li  class=' slide-3 ' ><div data-rel='slideshow-1' class='avia-slide-wrap '   ><img class=\"wp-image-1939 avia-img-lazy-loading-not-1939\"  src=\"https:\/\/www.broconpack.com\/wp-content\/uploads\/boxen-slider-broconpack.jpg\" width=\"1800\" height=\"864\" title='boxen-slider-broconpack' alt=''  itemprop=\"thumbnailUrl\" srcset=\"https:\/\/www.broconpack.com\/wp-content\/uploads\/boxen-slider-broconpack.jpg 1800w, https:\/\/www.broconpack.com\/wp-content\/uploads\/boxen-slider-broconpack-900x432.jpg 900w, https:\/\/www.broconpack.com\/wp-content\/uploads\/boxen-slider-broconpack-768x369.jpg 768w, https:\/\/www.broconpack.com\/wp-content\/uploads\/boxen-slider-broconpack-600x288.jpg 600w, https:\/\/www.broconpack.com\/wp-content\/uploads\/boxen-slider-broconpack-450x216.jpg 450w\" sizes=\"(max-width: 1800px) 100vw, 1800px\" \/><\/div><\/li><li  class=' slide-4 ' ><div data-rel='slideshow-1' class='avia-slide-wrap '   ><img class=\"wp-image-1941 avia-img-lazy-loading-not-1941\"  src=\"https:\/\/www.broconpack.com\/wp-content\/uploads\/papiertaschen-slider-broconpack.jpg\" width=\"1800\" height=\"864\" title='papiertaschen-slider-broconpack' alt=''  itemprop=\"thumbnailUrl\" srcset=\"https:\/\/www.broconpack.com\/wp-content\/uploads\/papiertaschen-slider-broconpack.jpg 1800w, https:\/\/www.broconpack.com\/wp-content\/uploads\/papiertaschen-slider-broconpack-900x432.jpg 900w, https:\/\/www.broconpack.com\/wp-content\/uploads\/papiertaschen-slider-broconpack-768x369.jpg 768w, https:\/\/www.broconpack.com\/wp-content\/uploads\/papiertaschen-slider-broconpack-600x288.jpg 600w, https:\/\/www.broconpack.com\/wp-content\/uploads\/papiertaschen-slider-broconpack-450x216.jpg 450w, https:\/\/www.broconpack.com\/wp-content\/uploads\/papiertaschen-slider-broconpack-1500x720.jpg 1500w, https:\/\/www.broconpack.com\/wp-content\/uploads\/papiertaschen-slider-broconpack-705x338.jpg 705w\" sizes=\"(max-width: 1800px) 100vw, 1800px\" \/><\/div><\/li><li  class=' slide-5 ' ><div data-rel='slideshow-1' class='avia-slide-wrap '   ><img class=\"wp-image-1937 avia-img-lazy-loading-not-1937\"  src=\"https:\/\/www.broconpack.com\/wp-content\/uploads\/box-slider-broconpack.jpg\" width=\"1800\" height=\"864\" title='box-slider-broconpack' alt=''  itemprop=\"thumbnailUrl\" srcset=\"https:\/\/www.broconpack.com\/wp-content\/uploads\/box-slider-broconpack.jpg 1800w, https:\/\/www.broconpack.com\/wp-content\/uploads\/box-slider-broconpack-900x432.jpg 900w, https:\/\/www.broconpack.com\/wp-content\/uploads\/box-slider-broconpack-768x369.jpg 768w, https:\/\/www.broconpack.com\/wp-content\/uploads\/box-slider-broconpack-600x288.jpg 600w, https:\/\/www.broconpack.com\/wp-content\/uploads\/box-slider-broconpack-450x216.jpg 450w\" sizes=\"(max-width: 1800px) 100vw, 1800px\" \/><\/div><\/li><\/ul><div class='avia-slideshow-arrows avia-slideshow-controls'><a href='#prev' tabindex='-1' class='prev-slide' aria-hidden='true' data-av_icon='\ue87c' data-av_iconfont='entypo-fontello'>Pr\u00e9c\u00e9dent<\/a><a href='#next' tabindex='-1' class='next-slide' aria-hidden='true' data-av_icon='\ue87d' data-av_iconfont='entypo-fontello'>Suivant<\/a><\/div><div class='avia-slideshow-dots avia-slideshow-controls'><a href='#1' class='goto-slide active' >1<\/a><a href='#2' class='goto-slide ' >2<\/a><a href='#3' class='goto-slide ' >3<\/a><a href='#4' class='goto-slide ' >4<\/a><a href='#5' class='goto-slide ' >5<\/a><\/div><\/div><\/div>\n<div id='av_section_1'  class='avia-section main_color avia-section-default avia-no-border-styling  avia-bg-style-scroll  avia-builder-el-1  el_after_av_slideshow_full  el_before_av_masonry_gallery   container_wrap sidebar_right' style=' '  ><div class='container' ><div class='template-page content  av-content-small alpha units'><div class='post-entry post-entry-type-page post-entry-1761'><div class='entry-content-wrapper clearfix'>\n<div class=\"flex_column av_one_fifth  av-animated-generic bottom-to-top  flex_column_div av-zero-column-padding first  avia-builder-el-2  el_before_av_three_fifth  avia-builder-el-first  \" style='border-radius:0px; '><\/div><div class=\"flex_column av_three_fifth  flex_column_div av-zero-column-padding   avia-builder-el-3  el_after_av_one_fifth  el_before_av_one_fifth  \" style='border-radius:0px; '><p><div  style='padding-bottom:20px; ' class='av-special-heading av-special-heading-h1  blockquote modern-quote modern-centered  avia-builder-el-4  el_before_av_textblock  avia-builder-el-first  '><h1 class='av-special-heading-tag '  itemprop=\"headline\"  >Emballages personnalis\u00e9s<\/h1><div class='special-heading-border'><div class='special-heading-inner-border' ><\/div><\/div><\/div><br \/>\n<section class=\"av_textblock_section \"  itemscope=\"itemscope\" itemtype=\"https:\/\/schema.org\/CreativeWork\" ><div class='avia_textblock  '   itemprop=\"text\" ><p>S\u00e9lectionnez dans notre gamme les emballages parfaitement adapt\u00e9s \u00e0 vos produits. Avec votre logo imprim\u00e9 ou les couleurs de votre entreprise.<\/p>\n<\/div><\/section><\/p><\/div><div class=\"flex_column av_one_fifth  av-animated-generic bottom-to-top  flex_column_div av-zero-column-padding   avia-builder-el-6  el_after_av_three_fifth  avia-builder-el-last  \" style='border-radius:0px; '><\/div>\n\n<div id='main-boxes' class='av-masonry  noHover av-flex-size av-large-gap av-hover-overlay- av-masonry-animation- av-masonry-col-4 av-caption-always av-caption-style- av-masonry-gallery      av-medium-columns-overwrite av-medium-columns-2 av-small-columns-overwrite av-small-columns-2 av-mini-columns-overwrite av-mini-columns-1' style='background-color:#e7e0db; ' ><div class='av-masonry-container isotope av-js-disabled ' ><div class='av-masonry-entry isotope-item av-masonry-item-no-image '><\/div><a href=\"https:\/\/www.broconpack.com\/fr\/produits\/sacs\/\"  aria-label=\"image SACS\"  id='av-masonry-1-item-1745' data-av-masonry-item='1745' class='av-masonry-entry isotope-item post-1745 attachment type-attachment status-inherit hentry  av-masonry-item-with-image' title=\"SACS\" alt=\"SACS\"   itemprop=\"thumbnailUrl\" ><div class='av-inner-masonry-sizer'><\/div><figure class='av-inner-masonry main_color'><div class=\"av-masonry-outerimage-container\"><div class=\"av-masonry-image-container\" ><img width=\"500\" height=\"323\" class=\"wp-image-1745 avia-img-lazy-loading-not-1745\"  src=\"https:\/\/www.broconpack.com\/wp-content\/uploads\/bags-broconpack-startbox.jpg\" title=\"SACS\" alt=\"SACS\" srcset=\"https:\/\/www.broconpack.com\/wp-content\/uploads\/bags-broconpack-startbox.jpg 500w, https:\/\/www.broconpack.com\/wp-content\/uploads\/bags-broconpack-startbox-450x291.jpg 450w\" sizes=\"(max-width: 500px) 100vw, 500px\" \/><\/div><\/div><figcaption class='av-inner-masonry-content site-background'><div class='av-inner-masonry-content-pos'><div class='av-inner-masonry-content-pos-content'><div class='avia-arrow'><\/div><h3 class='av-masonry-entry-title entry-title '  itemprop=\"headline\" >SACS<\/h3><div class='av-masonry-entry-content entry-content'  itemprop=\"text\" >Extr\u00eamement pratiques et d\u2019une grande efficacit\u00e9 publicitaire. Vos clients seront fiers d\u2019utiliser ces sacs pour transporter leurs achats.<\/div><\/div><\/div><\/figcaption><\/figure><\/a><!--end av-masonry entry--><a href=\"https:\/\/www.broconpack.com\/fr\/produits\/boites\/\"  aria-label=\"image BO\u00ceTES\"  id='av-masonry-1-item-1746' data-av-masonry-item='1746' class='av-masonry-entry isotope-item post-1746 attachment type-attachment status-inherit hentry  av-masonry-item-with-image' title=\"BO\u00ceTES\" alt=\"BO\u00ceTES\"   itemprop=\"thumbnailUrl\" ><div class='av-inner-masonry-sizer'><\/div><figure class='av-inner-masonry main_color'><div class=\"av-masonry-outerimage-container\"><div class=\"av-masonry-image-container\" ><img width=\"500\" height=\"323\" class=\"wp-image-1746 avia-img-lazy-loading-not-1746\"  src=\"https:\/\/www.broconpack.com\/wp-content\/uploads\/box-broconpack-startbox.jpg\" title=\"BO\u00ceTES\" alt=\"BO\u00ceTES\" srcset=\"https:\/\/www.broconpack.com\/wp-content\/uploads\/box-broconpack-startbox.jpg 500w, https:\/\/www.broconpack.com\/wp-content\/uploads\/box-broconpack-startbox-450x291.jpg 450w\" sizes=\"(max-width: 500px) 100vw, 500px\" \/><\/div><\/div><figcaption class='av-inner-masonry-content site-background'><div class='av-inner-masonry-content-pos'><div class='av-inner-masonry-content-pos-content'><div class='avia-arrow'><\/div><h3 class='av-masonry-entry-title entry-title '  itemprop=\"headline\" >BO\u00ceTES<\/h3><div class='av-masonry-entry-content entry-content'  itemprop=\"text\" >Petites, grandes et toutes les dimensions interm\u00e9diaires. S\u00e9lectionnez tout simplement la bonne taille dans une vaste gamme d\u2019emballages en carton.<\/div><\/div><\/div><\/figcaption><\/figure><\/a><!--end av-masonry entry--><a href=\"https:\/\/www.broconpack.com\/fr\/produits\/concepts-demballage-personnalises\/\"  aria-label=\"image CONCEPTS D\u2019EMBALLAGE PERSONNALIS\u00c9S\"  id='av-masonry-1-item-1744' data-av-masonry-item='1744' class='av-masonry-entry isotope-item post-1744 attachment type-attachment status-inherit hentry  av-masonry-item-with-image' title=\"CONCEPTS D\u2019EMBALLAGE PERSONNALIS\u00c9S\" alt=\"CONCEPTS D\u2019EMBALLAGE PERSONNALIS\u00c9S\"   itemprop=\"thumbnailUrl\" ><div class='av-inner-masonry-sizer'><\/div><figure class='av-inner-masonry main_color'><div class=\"av-masonry-outerimage-container\"><div class=\"av-masonry-image-container\" ><img width=\"500\" height=\"323\" class=\"wp-image-1744 avia-img-lazy-loading-not-1744\"  src=\"https:\/\/www.broconpack.com\/wp-content\/uploads\/tailor-made-concepts-broconpack-startbox.jpg\" title=\"CONCEPTS D\u2019EMBALLAGE PERSONNALIS\u00c9S\" alt=\"CONCEPTS D\u2019EMBALLAGE PERSONNALIS\u00c9S\" srcset=\"https:\/\/www.broconpack.com\/wp-content\/uploads\/tailor-made-concepts-broconpack-startbox.jpg 500w, https:\/\/www.broconpack.com\/wp-content\/uploads\/tailor-made-concepts-broconpack-startbox-450x291.jpg 450w\" sizes=\"(max-width: 500px) 100vw, 500px\" \/><\/div><\/div><figcaption class='av-inner-masonry-content site-background'><div class='av-inner-masonry-content-pos'><div class='av-inner-masonry-content-pos-content'><div class='avia-arrow'><\/div><h3 class='av-masonry-entry-title entry-title '  itemprop=\"headline\" >CONCEPTS D\u2019EMBALLAGE PERSONNALIS\u00c9S<\/h3><div class='av-masonry-entry-content entry-content'  itemprop=\"text\" >Comment combiner diff\u00e9rents types d\u2019emballage ? Nous mettons au point un concept d\u2019emballage sur mesure en fonction de vos exigences et attentes individuelles.<\/div><\/div><\/div><\/figcaption><\/figure><\/a><!--end av-masonry entry--><a href=\"https:\/\/www.broconpack.com\/fr\/produits\/accessoires\/\"  aria-label=\"image Accessoires\"  id='av-masonry-1-item-1964' data-av-masonry-item='1964' class='av-masonry-entry isotope-item post-1964 attachment type-attachment status-inherit hentry  av-masonry-item-with-image' title=\"Accessoires\" alt=\"\"   itemprop=\"thumbnailUrl\" ><div class='av-inner-masonry-sizer'><\/div><figure class='av-inner-masonry main_color'><div class=\"av-masonry-outerimage-container\"><div class=\"av-masonry-image-container\" ><img width=\"500\" height=\"323\" class=\"wp-image-1964 avia-img-lazy-loading-not-1964\"  src=\"https:\/\/www.broconpack.com\/wp-content\/uploads\/accessoires-broconpack-band-startbox.jpg\" title=\"Accessoires\" alt=\"\" srcset=\"https:\/\/www.broconpack.com\/wp-content\/uploads\/accessoires-broconpack-band-startbox.jpg 500w, https:\/\/www.broconpack.com\/wp-content\/uploads\/accessoires-broconpack-band-startbox-450x291.jpg 450w\" sizes=\"(max-width: 500px) 100vw, 500px\" \/><\/div><\/div><figcaption class='av-inner-masonry-content site-background'><div class='av-inner-masonry-content-pos'><div class='av-inner-masonry-content-pos-content'><div class='avia-arrow'><\/div><h3 class='av-masonry-entry-title entry-title '  itemprop=\"headline\" >Accessoires<\/h3><div class='av-masonry-entry-content entry-content'  itemprop=\"text\" >Ce sont les d\u00e9tails qui font toute la diff\u00e9rence. Des accessoires mettent en valeur chaque emballage et lui conf\u00e8rent une touche d\u2019originalit\u00e9.<\/div><\/div><\/div><\/figcaption><\/figure><\/a><!--end av-masonry entry--><\/div><\/div>\n<div  style='height:10px' class='hr hr-invisible  av-mini-hide  avia-builder-el-8  el_after_av_masonry_gallery  avia-builder-el-no-sibling '><span class='hr-inner ' ><span class='hr-inner-style'><\/span><\/span><\/div>\n","protected":false},"excerpt":{"rendered":"","protected":false},"author":1,"featured_media":0,"parent":0,"menu_order":0,"comment_status":"closed","ping_status":"closed","template":"","meta":{"_monsterinsights_skip_tracking":false,"_monsterinsights_sitenote_active":false,"_monsterinsights_sitenote_note":"","_monsterinsights_sitenote_category":0},"_links":{"self":[{"href":"https:\/\/www.broconpack.com\/fr\/wp-json\/wp\/v2\/pages\/1761"}],"collection":[{"href":"https:\/\/www.broconpack.com\/fr\/wp-json\/wp\/v2\/pages"}],"about":[{"href":"https:\/\/www.broconpack.com\/fr\/wp-json\/wp\/v2\/types\/page"}],"author":[{"embeddable":true,"href":"https:\/\/www.broconpack.com\/fr\/wp-json\/wp\/v2\/users\/1"}],"replies":[{"embeddable":true,"href":"https:\/\/www.broconpack.com\/fr\/wp-json\/wp\/v2\/comments?post=1761"}],"version-history":[{"count":0,"href":"https:\/\/www.broconpack.com\/fr\/wp-json\/wp\/v2\/pages\/1761\/revisions"}],"wp:attachment":[{"href":"https:\/\/www.broconpack.com\/fr\/wp-json\/wp\/v2\/media?parent=1761"}],"curies":[{"name":"wp","href":"https:\/\/api.w.org\/{rel}","templated":true}]}}