{"id":1821,"date":"2019-12-20T10:12:19","date_gmt":"2019-12-20T09:12:19","guid":{"rendered":"http:\/\/broconpack.com.w01b900c.kasserver.com\/produits\/boites\/"},"modified":"2021-07-28T15:40:17","modified_gmt":"2021-07-28T13:40:17","slug":"boites","status":"publish","type":"page","link":"https:\/\/www.broconpack.com\/fr\/produits\/boites\/","title":{"rendered":"Bo\u00eetes"},"content":{"rendered":"<div id='full_slider_1'  class='avia-fullwidth-slider main_color avia-shadow   avia-builder-el-0  el_before_av_section  avia-builder-el-first   container_wrap sidebar_right' style=' '  ><div   data-size='featured'  data-lightbox_size='large'  data-animation='fade'  data-conditional_play=''  data-ids='1295'  data-video_counter='0'  data-autoplay='true'  data-bg_slider='false'  data-slide_height=''  data-handle='av_slideshow_full'  data-interval='6'  data-class=' '  data-el_id=''  data-css_id=''  data-scroll_down=''  data-control_layout='av-control-default'  data-custom_markup=''  data-perma_caption=''  data-autoplay_stopper=''  data-image_attachment=''  data-min_height='0px'  data-lazy_loading='disabled'  data-src=''  data-position='top left'  data-repeat='no-repeat'  data-attach='scroll'  data-stretch=''  data-default-height='28.6666666667'  class='avia-slideshow avia-slideshow-1  av-control-default av-default-height-applied avia-slideshow-featured av_slideshow_full   avia-fade-slider '  itemprop=\"image\" itemscope=\"itemscope\" itemtype=\"https:\/\/schema.org\/ImageObject\" ><ul class='avia-slideshow-inner ' style='padding-bottom: 28.6666666667%;' ><li  class=' av-single-slide slide-1 ' ><div data-rel='slideshow-1' class='avia-slide-wrap '   ><img class=\"wp-image-1839 avia-img-lazy-loading-not-1839\"  src=\"https:&#x2f;&#47;&#119;&#x77;&#x77;&#46;&#98;&#x72;&#x6f;&#99;&#111;&#x6e;&#x70;&#97;&#99;&#x6b;&#x2e;&#99;&#111;&#x6d;&#x2f;&#119;&#112;&#x2d;&#x63;&#111;&#110;&#x74;&#x65;&#110;&#116;&#x2f;&#x75;&#112;&#108;&#x6f;&#x61;&#100;&#115;&#x2f;&#x53;&#99;&#104;&#x61;&#x63;&#104;&#116;&#x65;&#x6c;&#110;&#64;&#x32;&#x78;&#45;&#49;&#x2d;&#x31;&#56;&#48;&#x30;&#x78;&#53;&#49;&#x36;&#x2e;&#106;&#112;&#x67;\" width=\"1800\" height=\"516\" title='Schachteln@2x' alt=''  itemprop=\"thumbnailUrl\" srcset=\"https:&#x2f;&#x2f;&#x77;&#x77;&#119;&#46;&#98;&#114;oco&#x6e;&#x70;&#x61;&#x63;&#x6b;&#46;&#99;&#111;m\/w&#x70;&#x2d;&#x63;&#x6f;&#x6e;&#116;&#101;&#110;t\/u&#x70;&#x6c;&#x6f;&#x61;&#x64;&#115;&#47;&#83;cha&#x63;&#x68;&#x74;&#x65;&#x6c;&#110;&#64;&#50;x-1&#x2d;&#x31;&#x38;&#x30;&#x30;&#120;&#53;&#49;6&#46;j&#x70;&#x67; 1800w, https:&#x2f;&#47;w&#x77;&#x77;&#46;b&#x72;&#111;c&#x6f;&#x6e;&#112;a&#x63;&#107;&#46;&#x63;&#x6f;&#109;\/&#x77;&#x70;&#45;&#x63;&#x6f;&#110;t&#x65;&#x6e;&#116;\/&#x75;&#112;l&#x6f;&#x61;&#100;s&#x2f;&#83;c&#x68;&#x61;&#99;h&#x74;&#x65;&#108;&#x6e;&#x40;&#50;x&#x2d;&#x31;&#45;9&#x30;&#48;x&#x32;&#x35;&#56;&#46;&#x6a;&#112;g 900w, https:\/\/www&#46;br&#111;&#99;&#111;&#110;&#112;&#97;&#99;&#107;&#46;&#99;&#x6f;&#x6d;&#x2f;&#x77;&#x70;&#x2d;&#x63;&#x6f;&#x6e;&#x74;&#x65;&#x6e;&#x74;&#x2f;&#x75;ploads\/S&#99;&#104;&#97;&#99;&#104;&#116;&#101;&#108;&#110;&#64;&#x32;&#x78;&#x2d;&#x31;&#x2d;&#x37;&#x36;&#x38;&#x78;&#x32;&#x32;&#x30;&#x2e;&#x6a;&#x70;g 768w, https:\/&#47;&#119;&#x77;&#x77;&#x2e;&#x62;r&#111;&#99;&#111;&#x6e;&#x70;&#x61;ck&#46;&#99;&#x6f;&#x6d;&#x2f;wp&#45;&#99;&#x6f;&#x6e;&#x74;en&#116;&#47;&#x75;&#x70;&#x6c;oa&#100;&#115;&#x2f;&#x53;&#x63;ha&#99;&#104;&#x74;&#x65;&#x6c;&#x6e;&#64;&#50;&#120;&#x2d;&#x31;&#x2d;&#x37;0&#53;&#120;&#50;&#x30;&#x32;&#x2e;jp&#103; 705w\" sizes=\"(max-width: 1800px) 100vw, 1800px\" \/><\/div><\/li><\/ul><\/div><\/div>\n<div id='av_section_1'  class='avia-section main_color avia-section-default avia-no-border-styling  avia-bg-style-scroll  avia-builder-el-1  el_after_av_slideshow_full  avia-builder-el-last   container_wrap sidebar_right' style=' '  ><div class='container' ><div class='template-page content  av-content-small alpha units'><div class='post-entry post-entry-type-page post-entry-1821'><div class='entry-content-wrapper clearfix'>\n<section class=\"av_textblock_section \"  itemscope=\"itemscope\" itemtype=\"https:\/\/schema.org\/CreativeWork\" ><div class='avia_textblock  '   itemprop=\"text\" ><h1 style=\"text-align: center;\">BO\u00ceTES<\/h1>\n<p style=\"text-align: center;\">Que ce soit luxueux ou plut\u00f4t d\u00e9contract\u00e9, vous y trouverez des bo\u00eetes qui s\u2019adaptent parfaitement \u00e0 votre produit et plaisent \u00e0 vos clients.<\/p>\n<\/div><\/section>\n<div  style='height:50px' class='hr hr-invisible   avia-builder-el-3  el_after_av_textblock  el_before_av_one_half '><span class='hr-inner ' ><span class='hr-inner-style'><\/span><\/span><\/div>\n<div class=\"flex_column av_one_half  flex_column_div av-zero-column-padding first  avia-builder-el-4  el_after_av_hr  el_before_av_one_half  \" style='border-radius:0px; '><section class=\"av_textblock_section \"  itemscope=\"itemscope\" itemtype=\"https:\/\/schema.org\/CreativeWork\" ><div class='avia_textblock  '   itemprop=\"text\" ><h2>BO\u00ceTES PERSONNALIS\u00c9ES<\/h2>\n<p>Bien s\u00fbr, c\u2019est le contenu qui compte &#8211; mais la premi\u00e8re impression de votre produit, c\u2019est toujours l\u2019emballage. Avec nos bo\u00eetes, vous avez une grande libert\u00e9 pour cr\u00e9er votre style personnel et r\u00e9aliser vos id\u00e9es. Notre gamme de bo\u00eetes pliables, bo\u00eetes \u00e0 fermeture aimant\u00e9e, bo\u00eetes \u00e0 couvercle et d\u2019une multitude de diff\u00e9rentes variations r\u00e9pond \u00e0 tous les d\u00e9sirs. M\u00eame plus tard, ces belles bo\u00eetes cadeaux peuvent \u00eatre utilis\u00e9es comme accessoire d\u00e9coratif et ainsi r\u00e9utilis\u00e9es par vos clients.<\/p>\n<h2>BOITES EMBELLIES<\/h2>\n<p>Une finition de luxe embellit davantage une bo\u00eete \u00e9l\u00e9gante. Les papiers structur\u00e9s, marquages \u00e0 chaud \u00e9l\u00e9gants ou effets 3D personnalis\u00e9s ajoutent un charme particulier \u00e0 une bo\u00eete, un produit ou \u00e9galement \u00e0 ce moment particulier o\u00f9 on d\u00e9fait l\u2019emballage. Embellissez votre bo\u00eete par une touche d\u2019\u00e9l\u00e9gance qui fait beaucoup d\u2019effet.<\/p>\n<\/div><\/section><\/div><div class=\"flex_column av_one_half  flex_column_div av-zero-column-padding   avia-builder-el-6  el_after_av_one_half  avia-builder-el-last  \" style='border-radius:0px; '><p><div  class='avia-video avia-video-16-9   avia-video-lightbox av-lazyload-video-embed  avia-video-external-service  ' style='background-image:url(\"https:\/\/www.broconpack.com\/wp-content\/uploads\/Vorschaubild_1000x563-1-900x507.jpg\");'  itemprop=\"video\" itemtype=\"https:\/\/schema.org\/VideoObject\"  data-original_url='https:\/\/www.youtube.com\/watch?v=6DPF_LM35Ac&autoplay=1' ><script type='text\/html' class='av-video-tmpl'><a href='https:\/\/www.youtube.com\/watch?v=6DPF_LM35Ac&autoplay=1' class='mfp-iframe lightbox-link'><\/a><\/script><div class='av-click-to-play-overlay play-lightbox'><div class=\"avia_playpause_icon\"><\/div><\/div><\/div><br \/>\n<div id='av-masonry-1' class='av-masonry  noHover av-flex-size av-no-gap av-hover-overlay- av-masonry-animation- av-masonry-col-2 av-caption-always av-caption-style- av-masonry-gallery      av-small-columns-overwrite av-small-columns-3 av-mini-columns-overwrite av-mini-columns-2' style='background-color:#ffffff; ' ><div class='av-masonry-container isotope av-js-disabled ' ><div class='av-masonry-entry isotope-item av-masonry-item-no-image '><\/div><a href=\"https:\/\/www.broconpack.com\/wp-content\/uploads\/amica-box.jpg\"  aria-label=\"image amica-box\"  id='av-masonry-1-item-1846' data-av-masonry-item='1846' class='av-masonry-entry isotope-item post-1846 attachment type-attachment status-inherit hentry  av-masonry-item-with-image' title=\"amica-box\" alt=\"\"   itemprop=\"thumbnailUrl\" ><div class='av-inner-masonry-sizer'><\/div><figure class='av-inner-masonry main_color'><div class=\"av-masonry-outerimage-container\"><div class=\"av-masonry-image-container\" ><img width=\"600\" height=\"400\" class=\"wp-image-1846 avia-img-lazy-loading-not-1846\"  src=\"https:\/\/www.broconpack.com\/wp-content\/uploads\/amica-box-600x400.jpg\" title=\"amica-box\" alt=\"\" srcset=\"https:\/\/www.broconpack.com\/wp-content\/uploads\/amica-box-600x400.jpg 600w, https:\/\/www.broconpack.com\/wp-content\/uploads\/amica-box-900x600.jpg 900w, https:\/\/www.broconpack.com\/wp-content\/uploads\/amica-box-768x512.jpg 768w, https:\/\/www.broconpack.com\/wp-content\/uploads\/amica-box-1500x1000.jpg 1500w, https:\/\/www.broconpack.com\/wp-content\/uploads\/amica-box-450x300.jpg 450w, https:\/\/www.broconpack.com\/wp-content\/uploads\/amica-box.jpg 1600w\" sizes=\"(max-width: 600px) 100vw, 600px\" \/><\/div><\/div><\/figure><\/a><!--end av-masonry entry--><a href=\"https:\/\/www.broconpack.com\/wp-content\/uploads\/white-black_F-1800x1350.jpg\"  aria-label=\"image white black_F\"  id='av-masonry-1-item-2756' data-av-masonry-item='2756' class='av-masonry-entry isotope-item post-2756 attachment type-attachment status-inherit hentry  av-masonry-item-with-image' title=\"white black_F\" alt=\"\"   itemprop=\"thumbnailUrl\" ><div class='av-inner-masonry-sizer'><\/div><figure class='av-inner-masonry main_color'><div class=\"av-masonry-outerimage-container\"><div class=\"av-masonry-image-container\" ><img width=\"600\" height=\"450\" class=\"wp-image-2756 avia-img-lazy-loading-not-2756\"  src=\"https:\/\/www.broconpack.com\/wp-content\/uploads\/white-black_F-600x450.jpg\" title=\"white black_F\" alt=\"\" srcset=\"https:\/\/www.broconpack.com\/wp-content\/uploads\/white-black_F-600x450.jpg 600w, https:\/\/www.broconpack.com\/wp-content\/uploads\/white-black_F-900x675.jpg 900w, https:\/\/www.broconpack.com\/wp-content\/uploads\/white-black_F-1800x1350.jpg 1800w, https:\/\/www.broconpack.com\/wp-content\/uploads\/white-black_F-768x576.jpg 768w, https:\/\/www.broconpack.com\/wp-content\/uploads\/white-black_F-1536x1152.jpg 1536w, https:\/\/www.broconpack.com\/wp-content\/uploads\/white-black_F-scaled.jpg 2048w, https:\/\/www.broconpack.com\/wp-content\/uploads\/white-black_F-450x338.jpg 450w\" sizes=\"(max-width: 600px) 100vw, 600px\" \/><\/div><\/div><\/figure><\/a><!--end av-masonry entry--><a href=\"https:\/\/www.broconpack.com\/wp-content\/uploads\/berger-new_F-1800x1533.jpg\"  aria-label=\"image berger new_F\"  id='av-masonry-1-item-2733' data-av-masonry-item='2733' class='av-masonry-entry isotope-item post-2733 attachment type-attachment status-inherit hentry  av-masonry-item-with-image' title=\"berger new_F\" alt=\"\"   itemprop=\"thumbnailUrl\" ><div class='av-inner-masonry-sizer'><\/div><figure class='av-inner-masonry main_color'><div class=\"av-masonry-outerimage-container\"><div class=\"av-masonry-image-container\" ><img width=\"600\" height=\"511\" class=\"wp-image-2733 avia-img-lazy-loading-not-2733\"  src=\"https:\/\/www.broconpack.com\/wp-content\/uploads\/berger-new_F-600x511.jpg\" title=\"berger new_F\" alt=\"\" srcset=\"https:\/\/www.broconpack.com\/wp-content\/uploads\/berger-new_F-600x511.jpg 600w, https:\/\/www.broconpack.com\/wp-content\/uploads\/berger-new_F-900x767.jpg 900w, https:\/\/www.broconpack.com\/wp-content\/uploads\/berger-new_F-1800x1533.jpg 1800w, https:\/\/www.broconpack.com\/wp-content\/uploads\/berger-new_F-768x654.jpg 768w, https:\/\/www.broconpack.com\/wp-content\/uploads\/berger-new_F-1536x1308.jpg 1536w, https:\/\/www.broconpack.com\/wp-content\/uploads\/berger-new_F-scaled.jpg 2048w, https:\/\/www.broconpack.com\/wp-content\/uploads\/berger-new_F-450x383.jpg 450w\" sizes=\"(max-width: 600px) 100vw, 600px\" \/><\/div><\/div><\/figure><\/a><!--end av-masonry entry--><a href=\"https:\/\/www.broconpack.com\/wp-content\/uploads\/black-box_f-1350x1800.jpg\"  aria-label=\"image black box_f\"  id='av-masonry-1-item-2753' data-av-masonry-item='2753' class='av-masonry-entry isotope-item post-2753 attachment type-attachment status-inherit hentry  av-masonry-item-with-image' title=\"black box_f\" alt=\"\"   itemprop=\"thumbnailUrl\" ><div class='av-inner-masonry-sizer'><\/div><figure class='av-inner-masonry main_color'><div class=\"av-masonry-outerimage-container\"><div class=\"av-masonry-image-container\" ><img width=\"450\" height=\"600\" class=\"wp-image-2753 avia-img-lazy-loading-not-2753\"  src=\"https:\/\/www.broconpack.com\/wp-content\/uploads\/black-box_f-450x600.jpg\" title=\"black box_f\" alt=\"\" srcset=\"https:\/\/www.broconpack.com\/wp-content\/uploads\/black-box_f-450x600.jpg 450w, https:\/\/www.broconpack.com\/wp-content\/uploads\/black-box_f-675x900.jpg 675w, https:\/\/www.broconpack.com\/wp-content\/uploads\/black-box_f-1350x1800.jpg 1350w, https:\/\/www.broconpack.com\/wp-content\/uploads\/black-box_f-768x1024.jpg 768w, https:\/\/www.broconpack.com\/wp-content\/uploads\/black-box_f-1152x1536.jpg 1152w, https:\/\/www.broconpack.com\/wp-content\/uploads\/black-box_f-scaled.jpg 1536w\" sizes=\"(max-width: 450px) 100vw, 450px\" \/><\/div><\/div><\/figure><\/a><!--end av-masonry entry--><a href=\"https:\/\/www.broconpack.com\/wp-content\/uploads\/rabbit-box-1800x1350.jpg\"  aria-label=\"image rabbit box\"  id='av-masonry-1-item-2759' data-av-masonry-item='2759' class='av-masonry-entry isotope-item post-2759 attachment type-attachment status-inherit hentry  av-masonry-item-with-image' title=\"rabbit box\" alt=\"\"   itemprop=\"thumbnailUrl\" ><div class='av-inner-masonry-sizer'><\/div><figure class='av-inner-masonry main_color'><div class=\"av-masonry-outerimage-container\"><div class=\"av-masonry-image-container\" ><img width=\"600\" height=\"450\" class=\"wp-image-2759 avia-img-lazy-loading-not-2759\"  src=\"https:\/\/www.broconpack.com\/wp-content\/uploads\/rabbit-box-600x450.jpg\" title=\"rabbit box\" alt=\"\" srcset=\"https:\/\/www.broconpack.com\/wp-content\/uploads\/rabbit-box-600x450.jpg 600w, https:\/\/www.broconpack.com\/wp-content\/uploads\/rabbit-box-900x675.jpg 900w, https:\/\/www.broconpack.com\/wp-content\/uploads\/rabbit-box-1800x1350.jpg 1800w, https:\/\/www.broconpack.com\/wp-content\/uploads\/rabbit-box-768x576.jpg 768w, https:\/\/www.broconpack.com\/wp-content\/uploads\/rabbit-box-1536x1152.jpg 1536w, https:\/\/www.broconpack.com\/wp-content\/uploads\/rabbit-box-scaled.jpg 2048w, https:\/\/www.broconpack.com\/wp-content\/uploads\/rabbit-box-450x338.jpg 450w\" sizes=\"(max-width: 600px) 100vw, 600px\" \/><\/div><\/div><\/figure><\/a><!--end av-masonry entry--><a href=\"https:\/\/www.broconpack.com\/wp-content\/uploads\/declare-gift-box.jpg\"  aria-label=\"image declare-gift-box\"  id='av-masonry-1-item-1844' data-av-masonry-item='1844' class='av-masonry-entry isotope-item post-1844 attachment type-attachment status-inherit hentry  av-masonry-item-with-image' title=\"declare-gift-box\" alt=\"\"   itemprop=\"thumbnailUrl\" ><div class='av-inner-masonry-sizer'><\/div><figure class='av-inner-masonry main_color'><div class=\"av-masonry-outerimage-container\"><div class=\"av-masonry-image-container\" ><img width=\"600\" height=\"484\" class=\"wp-image-1844 avia-img-lazy-loading-not-1844\"  src=\"https:\/\/www.broconpack.com\/wp-content\/uploads\/declare-gift-box-600x484.jpg\" title=\"declare-gift-box\" alt=\"\" srcset=\"https:\/\/www.broconpack.com\/wp-content\/uploads\/declare-gift-box-600x484.jpg 600w, https:\/\/www.broconpack.com\/wp-content\/uploads\/declare-gift-box-768x619.jpg 768w, https:\/\/www.broconpack.com\/wp-content\/uploads\/declare-gift-box-495x400.jpg 495w, https:\/\/www.broconpack.com\/wp-content\/uploads\/declare-gift-box-450x363.jpg 450w, https:\/\/www.broconpack.com\/wp-content\/uploads\/declare-gift-box.jpg 800w\" sizes=\"(max-width: 600px) 100vw, 600px\" \/><\/div><\/div><\/figure><\/a><!--end av-masonry entry--><a href=\"https:\/\/www.broconpack.com\/wp-content\/uploads\/naegele-strubell-box.jpg\"  aria-label=\"image naegele-strubell-box\"  id='av-masonry-1-item-1842' data-av-masonry-item='1842' class='av-masonry-entry isotope-item post-1842 attachment type-attachment status-inherit hentry  av-masonry-item-with-image' title=\"naegele-strubell-box\" alt=\"\"   itemprop=\"thumbnailUrl\" ><div class='av-inner-masonry-sizer'><\/div><figure class='av-inner-masonry main_color'><div class=\"av-masonry-outerimage-container\"><div class=\"av-masonry-image-container\" ><img width=\"600\" height=\"400\" class=\"wp-image-1842 avia-img-lazy-loading-not-1842\"  src=\"https:\/\/www.broconpack.com\/wp-content\/uploads\/naegele-strubell-box-600x400.jpg\" title=\"naegele-strubell-box\" alt=\"\" srcset=\"https:\/\/www.broconpack.com\/wp-content\/uploads\/naegele-strubell-box-600x400.jpg 600w, https:\/\/www.broconpack.com\/wp-content\/uploads\/naegele-strubell-box-768x512.jpg 768w, https:\/\/www.broconpack.com\/wp-content\/uploads\/naegele-strubell-box-450x300.jpg 450w, https:\/\/www.broconpack.com\/wp-content\/uploads\/naegele-strubell-box.jpg 800w\" sizes=\"(max-width: 600px) 100vw, 600px\" \/><\/div><\/div><\/figure><\/a><!--end av-masonry entry--><\/div><\/div><\/p><\/div><\/div><\/div><\/div><!-- close content main div --><\/div><\/div><div id='after_section_1'  class='main_color av_default_container_wrap container_wrap sidebar_right' style=' '  ><div class='container' ><div class='template-page content  av-content-small alpha units'><div class='post-entry post-entry-type-page post-entry-1821'><div class='entry-content-wrapper clearfix'>\n","protected":false},"excerpt":{"rendered":"","protected":false},"author":1,"featured_media":0,"parent":1761,"menu_order":0,"comment_status":"closed","ping_status":"closed","template":"","meta":{"_monsterinsights_skip_tracking":false,"_monsterinsights_sitenote_active":false,"_monsterinsights_sitenote_note":"","_monsterinsights_sitenote_category":0},"_links":{"self":[{"href":"https:\/\/www.broconpack.com\/fr\/wp-json\/wp\/v2\/pages\/1821"}],"collection":[{"href":"https:\/\/www.broconpack.com\/fr\/wp-json\/wp\/v2\/pages"}],"about":[{"href":"https:\/\/www.broconpack.com\/fr\/wp-json\/wp\/v2\/types\/page"}],"author":[{"embeddable":true,"href":"https:\/\/www.broconpack.com\/fr\/wp-json\/wp\/v2\/users\/1"}],"replies":[{"embeddable":true,"href":"https:\/\/www.broconpack.com\/fr\/wp-json\/wp\/v2\/comments?post=1821"}],"version-history":[{"count":3,"href":"https:\/\/www.broconpack.com\/fr\/wp-json\/wp\/v2\/pages\/1821\/revisions"}],"predecessor-version":[{"id":2767,"href":"https:\/\/www.broconpack.com\/fr\/wp-json\/wp\/v2\/pages\/1821\/revisions\/2767"}],"up":[{"embeddable":true,"href":"https:\/\/www.broconpack.com\/fr\/wp-json\/wp\/v2\/pages\/1761"}],"wp:attachment":[{"href":"https:\/\/www.broconpack.com\/fr\/wp-json\/wp\/v2\/media?parent=1821"}],"curies":[{"name":"wp","href":"https:\/\/api.w.org\/{rel}","templated":true}]}}