{"id":1875,"date":"2019-12-20T10:22:39","date_gmt":"2019-12-20T09:22:39","guid":{"rendered":"http:\/\/broconpack.com.w01b900c.kasserver.com\/lentreprise\/"},"modified":"2021-05-20T13:10:31","modified_gmt":"2021-05-20T11:10:31","slug":"lentreprise","status":"publish","type":"page","link":"https:\/\/www.broconpack.com\/fr\/lentreprise\/","title":{"rendered":"L&rsquo;entreprise"},"content":{"rendered":"<div id='full_slider_1'  class='avia-fullwidth-slider main_color avia-shadow   avia-builder-el-0  el_before_av_section  avia-builder-el-first   container_wrap sidebar_right' style=' '  ><div   data-size='no scaling'  data-lightbox_size='large'  data-animation='fade'  data-conditional_play=''  data-ids='552,556,553,555,550'  data-video_counter='0'  data-autoplay='true'  data-bg_slider='false'  data-slide_height=''  data-handle='av_slideshow_full'  data-interval='6'  data-class=' '  data-el_id=''  data-css_id=''  data-scroll_down=''  data-control_layout='av-control-default'  data-custom_markup=''  data-perma_caption=''  data-autoplay_stopper=''  data-image_attachment=''  data-min_height='0px'  data-lazy_loading='disabled'  data-src=''  data-position='top left'  data-repeat='no-repeat'  data-attach='scroll'  data-stretch=''  class='avia-slideshow avia-slideshow-1  av-control-default av-default-height-applied avia-slideshow-no scaling av_slideshow_full   avia-fade-slider '  itemprop=\"image\" itemscope=\"itemscope\" itemtype=\"https:\/\/schema.org\/ImageObject\" ><ul class='avia-slideshow-inner ' style='padding-bottom: 48%;' ><li  class=' slide-1 ' ><div data-rel='slideshow-1' class='avia-slide-wrap '   ><img class=\"wp-image-1938 avia-img-lazy-loading-not-1938\"  src=\"https:\/\/www.broconpack.com\/wp-content\/uploads\/box-taschen-slider-broconpack.jpg\" width=\"1800\" height=\"864\" title='box-taschen-slider-broconpack' alt=''  itemprop=\"thumbnailUrl\" srcset=\"https:\/\/www.broconpack.com\/wp-content\/uploads\/box-taschen-slider-broconpack.jpg 1800w, https:\/\/www.broconpack.com\/wp-content\/uploads\/box-taschen-slider-broconpack-900x432.jpg 900w, https:\/\/www.broconpack.com\/wp-content\/uploads\/box-taschen-slider-broconpack-768x369.jpg 768w, https:\/\/www.broconpack.com\/wp-content\/uploads\/box-taschen-slider-broconpack-600x288.jpg 600w, https:\/\/www.broconpack.com\/wp-content\/uploads\/box-taschen-slider-broconpack-450x216.jpg 450w\" sizes=\"(max-width: 1800px) 100vw, 1800px\" \/><\/div><\/li><li  class=' slide-2 ' ><div data-rel='slideshow-1' class='avia-slide-wrap '   ><img class=\"wp-image-1942 avia-img-lazy-loading-not-1942\"  src=\"https:\/\/www.broconpack.com\/wp-content\/uploads\/taschen-slider-broconpack.jpg\" width=\"1800\" height=\"864\" title='taschen-slider-broconpack' alt=''  itemprop=\"thumbnailUrl\" srcset=\"https:\/\/www.broconpack.com\/wp-content\/uploads\/taschen-slider-broconpack.jpg 1800w, https:\/\/www.broconpack.com\/wp-content\/uploads\/taschen-slider-broconpack-900x432.jpg 900w, https:\/\/www.broconpack.com\/wp-content\/uploads\/taschen-slider-broconpack-768x369.jpg 768w, https:\/\/www.broconpack.com\/wp-content\/uploads\/taschen-slider-broconpack-600x288.jpg 600w, https:\/\/www.broconpack.com\/wp-content\/uploads\/taschen-slider-broconpack-450x216.jpg 450w\" sizes=\"(max-width: 1800px) 100vw, 1800px\" \/><\/div><\/li><li  class=' slide-3 ' ><div data-rel='slideshow-1' class='avia-slide-wrap '   ><img class=\"wp-image-1939 avia-img-lazy-loading-not-1939\"  src=\"https:\/\/www.broconpack.com\/wp-content\/uploads\/boxen-slider-broconpack.jpg\" width=\"1800\" height=\"864\" title='boxen-slider-broconpack' alt=''  itemprop=\"thumbnailUrl\" srcset=\"https:\/\/www.broconpack.com\/wp-content\/uploads\/boxen-slider-broconpack.jpg 1800w, https:\/\/www.broconpack.com\/wp-content\/uploads\/boxen-slider-broconpack-900x432.jpg 900w, https:\/\/www.broconpack.com\/wp-content\/uploads\/boxen-slider-broconpack-768x369.jpg 768w, https:\/\/www.broconpack.com\/wp-content\/uploads\/boxen-slider-broconpack-600x288.jpg 600w, https:\/\/www.broconpack.com\/wp-content\/uploads\/boxen-slider-broconpack-450x216.jpg 450w\" sizes=\"(max-width: 1800px) 100vw, 1800px\" \/><\/div><\/li><li  class=' slide-4 ' ><div data-rel='slideshow-1' class='avia-slide-wrap '   ><img class=\"wp-image-1941 avia-img-lazy-loading-not-1941\"  src=\"https:\/\/www.broconpack.com\/wp-content\/uploads\/papiertaschen-slider-broconpack.jpg\" width=\"1800\" height=\"864\" title='papiertaschen-slider-broconpack' alt=''  itemprop=\"thumbnailUrl\" srcset=\"https:\/\/www.broconpack.com\/wp-content\/uploads\/papiertaschen-slider-broconpack.jpg 1800w, https:\/\/www.broconpack.com\/wp-content\/uploads\/papiertaschen-slider-broconpack-900x432.jpg 900w, https:\/\/www.broconpack.com\/wp-content\/uploads\/papiertaschen-slider-broconpack-768x369.jpg 768w, https:\/\/www.broconpack.com\/wp-content\/uploads\/papiertaschen-slider-broconpack-600x288.jpg 600w, https:\/\/www.broconpack.com\/wp-content\/uploads\/papiertaschen-slider-broconpack-450x216.jpg 450w, https:\/\/www.broconpack.com\/wp-content\/uploads\/papiertaschen-slider-broconpack-1500x720.jpg 1500w, https:\/\/www.broconpack.com\/wp-content\/uploads\/papiertaschen-slider-broconpack-705x338.jpg 705w\" sizes=\"(max-width: 1800px) 100vw, 1800px\" \/><\/div><\/li><li  class=' slide-5 ' ><div data-rel='slideshow-1' class='avia-slide-wrap '   ><img class=\"wp-image-1937 avia-img-lazy-loading-not-1937\"  src=\"https:\/\/www.broconpack.com\/wp-content\/uploads\/box-slider-broconpack.jpg\" width=\"1800\" height=\"864\" title='box-slider-broconpack' alt=''  itemprop=\"thumbnailUrl\" srcset=\"https:\/\/www.broconpack.com\/wp-content\/uploads\/box-slider-broconpack.jpg 1800w, https:\/\/www.broconpack.com\/wp-content\/uploads\/box-slider-broconpack-900x432.jpg 900w, https:\/\/www.broconpack.com\/wp-content\/uploads\/box-slider-broconpack-768x369.jpg 768w, https:\/\/www.broconpack.com\/wp-content\/uploads\/box-slider-broconpack-600x288.jpg 600w, https:\/\/www.broconpack.com\/wp-content\/uploads\/box-slider-broconpack-450x216.jpg 450w\" sizes=\"(max-width: 1800px) 100vw, 1800px\" \/><\/div><\/li><\/ul><div class='avia-slideshow-arrows avia-slideshow-controls'><a href='#prev' tabindex='-1' class='prev-slide' aria-hidden='true' data-av_icon='\ue87c' data-av_iconfont='entypo-fontello'>Pr\u00e9c\u00e9dent<\/a><a href='#next' tabindex='-1' class='next-slide' aria-hidden='true' data-av_icon='\ue87d' data-av_iconfont='entypo-fontello'>Suivant<\/a><\/div><div class='avia-slideshow-dots avia-slideshow-controls'><a href='#1' class='goto-slide active' >1<\/a><a href='#2' class='goto-slide ' >2<\/a><a href='#3' class='goto-slide ' >3<\/a><a href='#4' class='goto-slide ' >4<\/a><a href='#5' class='goto-slide ' >5<\/a><\/div><\/div><\/div>\n<div id='av_section_1'  class='avia-section main_color avia-section-default avia-no-border-styling  avia-bg-style-scroll  avia-builder-el-1  el_after_av_slideshow_full  el_before_av_layout_row   container_wrap sidebar_right' style=' '  ><div class='container' ><div class='template-page content  av-content-small alpha units'><div class='post-entry post-entry-type-page post-entry-1875'><div class='entry-content-wrapper clearfix'>\n<div class=\"flex_column av_one_full  flex_column_div av-zero-column-padding first  avia-builder-el-2  el_before_av_two_third  avia-builder-el-first  \" style='border-radius:0px; '><div  style='padding-bottom:20px; ' class='av-special-heading av-special-heading-h1  blockquote modern-quote modern-centered  avia-builder-el-3  avia-builder-el-no-sibling  '><h1 class='av-special-heading-tag '  itemprop=\"headline\"  >BroconPack<\/h1><div class='special-heading-border'><div class='special-heading-inner-border' ><\/div><\/div><\/div><\/div><div class=\"flex_column av_two_third  flex_column_div av-zero-column-padding first  avia-builder-el-4  el_after_av_one_full  el_before_av_one_third  column-top-margin\" style='border-radius:0px; '><section class=\"av_textblock_section \"  itemscope=\"itemscope\" itemtype=\"https:\/\/schema.org\/CreativeWork\" ><div class='avia_textblock  '   itemprop=\"text\" ><h2>QUI NOUS SOMMES<\/h2>\n<p>Nous concevons et fabriquons des emballages authentiques de haute qualit\u00e9 en fonction des exigences et attentes respectives de nos clients. Ainsi, nous les aidons \u00e0 mettre habilement en valeur leurs produits tout en faisant plaisir \u00e0 leurs propres clients avec leurs achats.<\/p>\n<p>Claus Tiefenthaler, avec son exp\u00e9rience de plus de 20 ans dans l\u2019industrie de l\u2019emballage et le commerce international, est \u00e0 la fois le cerveau et le c\u0153ur de l\u2019entreprise. Depuis plus de 15 ans, il consacre son \u00e9nergie \u00e0 son propre projet BroconPack et entretient de solides partenariats \u00e0 travers le monde. Aujourd\u2019hui, l\u2019entreprise se compose d\u2019une \u00e9quipe mixte et tr\u00e8s dynamique, r\u00e9unie par une passion pour tout ce qui est beau.<\/p>\n<p>Nous sommes tr\u00e8s fiers d\u2019avoir d\u00e9velopp\u00e9 au fil des ann\u00e9es une base de client\u00e8le fid\u00e8le, et chaque jour, nous tenons \u00e0 mettre au point des solutions d\u2019emballage de qualit\u00e9, et \u00e0 assurer une qualit\u00e9 et une perfection irr\u00e9prochables. Nous desservons surtout le march\u00e9 pour les produits hauts de gamme et les grandes marques internationales tant en Autriche qu\u2019\u00e0 l\u2019\u00e9tranger.<\/p>\n<p>Nous sommes convaincus que des solutions alliant esth\u00e9tique et mati\u00e8res de qualit\u00e9 est une base parfaite pour cr\u00e9er des emballages inoubliables.<\/p>\n<\/div><\/section><\/div><div class=\"flex_column av_one_third  flex_column_div   avia-builder-el-6  el_after_av_two_third  avia-builder-el-last  column-top-margin\" style='padding:0px 0px 20px 0px ; border-radius:0px; '><div  class='avia-image-container  av-styling-  noHover  av-overlay-on-hover   avia-builder-el-7  avia-builder-el-no-sibling  avia-align-center '  itemprop=\"image\" itemscope=\"itemscope\" itemtype=\"https:\/\/schema.org\/ImageObject\"  ><div class='avia-image-container-inner'><div class='avia-image-overlay-wrap'><div class='av-image-caption-overlay'><div class='av-caption-image-overlay-bg' style='opacity:0.4; background-color:#000000; '><\/div><div class='av-image-caption-overlay-position'><div class='av-image-caption-overlay-center' style='color:#ffffff; font-size:18px; '><p>Claus Tiefenthaler, CEO<\/p>\n<\/div><\/div><\/div><img class='wp-image-1879 avia-img-lazy-loading-not-1879 avia_image' src=\"https:\/\/www.broconpack.com\/wp-content\/uploads\/Claus-Tiefenthaler_BroconPack_.jpg\" alt='Claus Tiefenthaler' title='Claus-Tiefenthaler_BroconPack_' height=\"427\" width=\"570\"  itemprop=\"thumbnailUrl\"  \/><\/div><\/div><\/div><\/div><\/div><\/div><\/div><!-- close content main div --><\/div><\/div><div id='contact-4grid'  class='av-layout-grid-container entry-content-wrapper main_color av-flex-cells av-break-at-tablet    avia-builder-el-8  el_after_av_section  avia-builder-el-last  submenu-not-first container_wrap sidebar_right' style=' '  >\n<div class=\"flex_cell no_margin av_one_fourth  avia-builder-el-9  el_before_av_cell_one_fourth  avia-builder-el-first   avia-full-stretch \"  style='vertical-align:top; padding:70px 50px 70px 50px ; background-color:#e7e0db; ' ><div class='flex_cell_inner' ><p><div  style='padding-bottom:10px; font-size:20px;' class='av-special-heading av-special-heading-h5  blockquote modern-quote  avia-builder-el-10  el_before_av_one_full  avia-builder-el-first  av-inherit-size '><h5 class='av-special-heading-tag '  itemprop=\"headline\"  >BroconPack Asia<\/h5><div class='special-heading-border'><div class='special-heading-inner-border' ><\/div><\/div><\/div><br \/>\n<div class=\"flex_column av_one_full  flex_column_div av-zero-column-padding first  avia-builder-el-11  el_after_av_heading  avia-builder-el-last  \" style='margin-top:10px; margin-bottom:0; border-radius:0px; '><div  class='avia-icon-list-container   avia-builder-el-12  avia-builder-el-no-sibling '><ul class='avia-icon-list avia-icon-list-left av-iconlist-small avia_animate_when_almost_visible avia-iconlist-animate'>\n<li><div  class='iconlist_icon  avia-font-entypo-fontello'><span class='iconlist-char ' aria-hidden='true' data-av_icon='\ue81e' data-av_iconfont='entypo-fontello'><\/span><\/div><article class=\"article-icon-entry av-iconlist-empty\"  itemscope=\"itemscope\" itemtype=\"https:\/\/schema.org\/CreativeWork\" ><div class='iconlist_content_wrap'><header class=\"entry-content-header\"><div class='av_iconlist_title iconlist_title_small   '  itemprop=\"headline\"  >&lt;b&gt;BroconPack HongKong Limited&lt;\/b&gt;<\/div><\/header><div class='iconlist_content  '  itemprop=\"text\"  ><\/div><\/div><footer class=\"entry-footer\"><\/footer><\/article><div class='iconlist-timeline'><\/div><\/li>\n<li><div  class='iconlist_icon  avia-font-entypo-fontello'><span class='iconlist-char ' aria-hidden='true' data-av_icon='\ue854' data-av_iconfont='entypo-fontello'><\/span><\/div><article class=\"article-icon-entry av-iconlist-empty\"  itemscope=\"itemscope\" itemtype=\"https:\/\/schema.org\/CreativeWork\" ><div class='iconlist_content_wrap'><header class=\"entry-content-header\"><div class='av_iconlist_title iconlist_title_small   '  itemprop=\"headline\"  >Tel.: +852 2824 8481<\/div><\/header><div class='iconlist_content  '  itemprop=\"text\"  ><\/div><\/div><footer class=\"entry-footer\"><\/footer><\/article><div class='iconlist-timeline'><\/div><\/li>\n<li><div  class='iconlist_icon  avia-font-entypo-fontello'><span class='iconlist-char ' aria-hidden='true' data-av_icon='\ue821' data-av_iconfont='entypo-fontello'><\/span><\/div><article class=\"article-icon-entry av-iconlist-empty\"  itemscope=\"itemscope\" itemtype=\"https:\/\/schema.org\/CreativeWork\" ><div class='iconlist_content_wrap'><header class=\"entry-content-header\"><div class='av_iconlist_title iconlist_title_small   '  itemprop=\"headline\"  >2\/F Shui On Centre&lt;br\/&gt;6-8 Harbour Road&lt;br\/&gt;HongKong<\/div><\/header><div class='iconlist_content  '  itemprop=\"text\"  ><\/div><\/div><footer class=\"entry-footer\"><\/footer><\/article><div class='iconlist-timeline'><\/div><\/li>\n<\/ul><\/div><\/div><\/p>\n<\/div><\/div><div class=\"flex_cell no_margin av_one_fourth  avia-builder-el-13  el_after_av_cell_one_fourth  el_before_av_cell_one_fourth   avia-full-stretch \"  style='vertical-align:top; padding:70px 50px 70px 50px ; background-color:#e7e0db; ' ><div class='flex_cell_inner' ><p><div  style='padding-bottom:10px; font-size:20px;' class='av-special-heading av-special-heading-h5  blockquote modern-quote  avia-builder-el-14  el_before_av_one_full  avia-builder-el-first  av-inherit-size '><h5 class='av-special-heading-tag '  itemprop=\"headline\"  >BroconPack Austria<\/h5><div class='special-heading-border'><div class='special-heading-inner-border' ><\/div><\/div><\/div><br \/>\n<div class=\"flex_column av_one_full  flex_column_div av-zero-column-padding first  avia-builder-el-15  el_after_av_heading  avia-builder-el-last  \" style='margin-top:10px; margin-bottom:0px; border-radius:0px; '><div  class='avia-icon-list-container   avia-builder-el-16  avia-builder-el-no-sibling '><ul class='avia-icon-list avia-icon-list-left av-iconlist-small avia_animate_when_almost_visible avia-iconlist-animate'>\n<li><div  class='iconlist_icon  avia-font-entypo-fontello'><span class='iconlist-char ' aria-hidden='true' data-av_icon='\ue81e' data-av_iconfont='entypo-fontello'><\/span><\/div><article class=\"article-icon-entry av-iconlist-empty\"  itemscope=\"itemscope\" itemtype=\"https:\/\/schema.org\/CreativeWork\" ><div class='iconlist_content_wrap'><header class=\"entry-content-header\"><div class='av_iconlist_title iconlist_title_small   '  itemprop=\"headline\"  >&lt;b&gt;BroconPack GmbH&lt;\/b&gt;<\/div><\/header><div class='iconlist_content  '  itemprop=\"text\"  ><\/div><\/div><footer class=\"entry-footer\"><\/footer><\/article><div class='iconlist-timeline'><\/div><\/li>\n<li><div  class='iconlist_icon  avia-font-entypo-fontello'><span class='iconlist-char ' aria-hidden='true' data-av_icon='\ue854' data-av_iconfont='entypo-fontello'><\/span><\/div><article class=\"article-icon-entry av-iconlist-empty\"  itemscope=\"itemscope\" itemtype=\"https:\/\/schema.org\/CreativeWork\" ><div class='iconlist_content_wrap'><header class=\"entry-content-header\"><div class='av_iconlist_title iconlist_title_small   '  itemprop=\"headline\"  >Tel.: +43 (0)5522 79219<\/div><\/header><div class='iconlist_content  '  itemprop=\"text\"  ><\/div><\/div><footer class=\"entry-footer\"><\/footer><\/article><div class='iconlist-timeline'><\/div><\/li>\n<li><div  class='iconlist_icon  avia-font-entypo-fontello'><span class='iconlist-char ' aria-hidden='true' data-av_icon='\ue821' data-av_iconfont='entypo-fontello'><\/span><\/div><article class=\"article-icon-entry av-iconlist-empty\"  itemscope=\"itemscope\" itemtype=\"https:\/\/schema.org\/CreativeWork\" ><div class='iconlist_content_wrap'><header class=\"entry-content-header\"><div class='av_iconlist_title iconlist_title_small   '  itemprop=\"headline\"  >Langgasse 114&lt;br\/&gt;6830 Rankweil&lt;br\/&gt;Austria<\/div><\/header><div class='iconlist_content  '  itemprop=\"text\"  ><\/div><\/div><footer class=\"entry-footer\"><\/footer><\/article><div class='iconlist-timeline'><\/div><\/li>\n<\/ul><\/div><\/div><\/p>\n<\/div><\/div><div class=\"flex_cell no_margin av_one_fourth  avia-builder-el-17  el_after_av_cell_one_fourth  el_before_av_cell_one_fourth   avia-full-stretch \"  style='vertical-align:top; padding:70px 50px 70px 50px ; background-color:#e7e0db; ' ><div class='flex_cell_inner' ><p><div  style='padding-bottom:10px; font-size:20px;' class='av-special-heading av-special-heading-h5  blockquote modern-quote  avia-builder-el-18  el_before_av_one_full  avia-builder-el-first  av-inherit-size '><h5 class='av-special-heading-tag '  itemprop=\"headline\"  >BroconPack Switzerland<\/h5><div class='special-heading-border'><div class='special-heading-inner-border' ><\/div><\/div><\/div><br \/>\n<div class=\"flex_column av_one_full  flex_column_div av-zero-column-padding first  avia-builder-el-19  el_after_av_heading  avia-builder-el-last  \" style='margin-top:10px; margin-bottom:0px; border-radius:0px; '><div  class='avia-icon-list-container   avia-builder-el-20  avia-builder-el-no-sibling '><ul class='avia-icon-list avia-icon-list-left av-iconlist-small avia_animate_when_almost_visible avia-iconlist-animate'>\n<li><div  class='iconlist_icon  avia-font-entypo-fontello'><span class='iconlist-char ' aria-hidden='true' data-av_icon='\ue81e' data-av_iconfont='entypo-fontello'><\/span><\/div><article class=\"article-icon-entry av-iconlist-empty\"  itemscope=\"itemscope\" itemtype=\"https:\/\/schema.org\/CreativeWork\" ><div class='iconlist_content_wrap'><header class=\"entry-content-header\"><div class='av_iconlist_title iconlist_title_small   '  itemprop=\"headline\"  >&lt;b&gt;BroconPack Switzerland&lt;\/b&gt;<\/div><\/header><div class='iconlist_content  '  itemprop=\"text\"  ><\/div><\/div><footer class=\"entry-footer\"><\/footer><\/article><div class='iconlist-timeline'><\/div><\/li>\n<li><div  class='iconlist_icon  avia-font-entypo-fontello'><span class='iconlist-char ' aria-hidden='true' data-av_icon='\ue854' data-av_iconfont='entypo-fontello'><\/span><\/div><article class=\"article-icon-entry av-iconlist-empty\"  itemscope=\"itemscope\" itemtype=\"https:\/\/schema.org\/CreativeWork\" ><div class='iconlist_content_wrap'><header class=\"entry-content-header\"><div class='av_iconlist_title iconlist_title_small   '  itemprop=\"headline\"  >Tel.: +41 (0)76 4758495<\/div><\/header><div class='iconlist_content  '  itemprop=\"text\"  ><\/div><\/div><footer class=\"entry-footer\"><\/footer><\/article><div class='iconlist-timeline'><\/div><\/li>\n<li><div  class='iconlist_icon  avia-font-entypo-fontello'><span class='iconlist-char ' aria-hidden='true' data-av_icon='\ue821' data-av_iconfont='entypo-fontello'><\/span><\/div><article class=\"article-icon-entry av-iconlist-empty\"  itemscope=\"itemscope\" itemtype=\"https:\/\/schema.org\/CreativeWork\" ><div class='iconlist_content_wrap'><header class=\"entry-content-header\"><div class='av_iconlist_title iconlist_title_small   '  itemprop=\"headline\"  >Seedammstrasse 3&lt;br\/&gt;8808 Pf\u00e4ffikon&lt;br\/&gt;Switzerland<\/div><\/header><div class='iconlist_content  '  itemprop=\"text\"  ><\/div><\/div><footer class=\"entry-footer\"><\/footer><\/article><div class='iconlist-timeline'><\/div><\/li>\n<\/ul><\/div><\/div><\/p>\n<\/div><\/div><div class=\"flex_cell no_margin av_one_fourth  avia-builder-el-21  el_after_av_cell_one_fourth  avia-builder-el-last   \"  style='vertical-align:top; padding:70px 50px 70px 50px ; background-color:#e7e0db; ' ><div class='flex_cell_inner' ><p><div  style='padding-bottom:10px; font-size:20px;' class='av-special-heading av-special-heading-h5  blockquote modern-quote  avia-builder-el-22  el_before_av_one_full  avia-builder-el-first  av-inherit-size '><h5 class='av-special-heading-tag '  itemprop=\"headline\"  >Logistics centre<\/h5><div class='special-heading-border'><div class='special-heading-inner-border' ><\/div><\/div><\/div><br \/>\n<div class=\"flex_column av_one_full  flex_column_div av-zero-column-padding first  avia-builder-el-23  el_after_av_heading  avia-builder-el-last  \" style='margin-top:10px; margin-bottom:0px; border-radius:0px; '><div  class='avia-icon-list-container   avia-builder-el-24  avia-builder-el-no-sibling '><ul class='avia-icon-list avia-icon-list-left av-iconlist-small avia_animate_when_almost_visible avia-iconlist-animate'>\n<li><div  class='iconlist_icon  avia-font-entypo-fontello'><span class='iconlist-char ' aria-hidden='true' data-av_icon='\ue81e' data-av_iconfont='entypo-fontello'><\/span><\/div><article class=\"article-icon-entry av-iconlist-empty\"  itemscope=\"itemscope\" itemtype=\"https:\/\/schema.org\/CreativeWork\" ><div class='iconlist_content_wrap'><header class=\"entry-content-header\"><div class='av_iconlist_title iconlist_title_small   '  itemprop=\"headline\"  >&lt;b&gt;Kunert Industriepark&lt;\/b&gt;<\/div><\/header><div class='iconlist_content  '  itemprop=\"text\"  ><\/div><\/div><footer class=\"entry-footer\"><\/footer><\/article><div class='iconlist-timeline'><\/div><\/li>\n<li><div  class='iconlist_icon  avia-font-entypo-fontello'><span class='iconlist-char ' aria-hidden='true' data-av_icon='\ue854' data-av_iconfont='entypo-fontello'><\/span><\/div><article class=\"article-icon-entry av-iconlist-empty\"  itemscope=\"itemscope\" itemtype=\"https:\/\/schema.org\/CreativeWork\" ><div class='iconlist_content_wrap'><header class=\"entry-content-header\"><div class='av_iconlist_title iconlist_title_small   '  itemprop=\"headline\"  >Tel.: +43 (0)5522 79219<\/div><\/header><div class='iconlist_content  '  itemprop=\"text\"  ><\/div><\/div><footer class=\"entry-footer\"><\/footer><\/article><div class='iconlist-timeline'><\/div><\/li>\n<li><div  class='iconlist_icon  avia-font-entypo-fontello'><span class='iconlist-char ' aria-hidden='true' data-av_icon='\ue821' data-av_iconfont='entypo-fontello'><\/span><\/div><article class=\"article-icon-entry av-iconlist-empty\"  itemscope=\"itemscope\" itemtype=\"https:\/\/schema.org\/CreativeWork\" ><div class='iconlist_content_wrap'><header class=\"entry-content-header\"><div class='av_iconlist_title iconlist_title_small   '  itemprop=\"headline\"  >Schweizerstrasse 104 - Halle 7&lt;br\/&gt;6830 Rankweil&lt;br\/&gt;Austria<\/div><\/header><div class='iconlist_content  '  itemprop=\"text\"  ><\/div><\/div><footer class=\"entry-footer\"><\/footer><\/article><div class='iconlist-timeline'><\/div><\/li>\n<\/ul><\/div><\/div><\/p>\n<\/div><\/div>\n<\/div><\/p>\n","protected":false},"excerpt":{"rendered":"","protected":false},"author":1,"featured_media":0,"parent":0,"menu_order":0,"comment_status":"closed","ping_status":"closed","template":"","meta":{"_monsterinsights_skip_tracking":false,"_monsterinsights_sitenote_active":false,"_monsterinsights_sitenote_note":"","_monsterinsights_sitenote_category":0},"_links":{"self":[{"href":"https:\/\/www.broconpack.com\/fr\/wp-json\/wp\/v2\/pages\/1875"}],"collection":[{"href":"https:\/\/www.broconpack.com\/fr\/wp-json\/wp\/v2\/pages"}],"about":[{"href":"https:\/\/www.broconpack.com\/fr\/wp-json\/wp\/v2\/types\/page"}],"author":[{"embeddable":true,"href":"https:\/\/www.broconpack.com\/fr\/wp-json\/wp\/v2\/users\/1"}],"replies":[{"embeddable":true,"href":"https:\/\/www.broconpack.com\/fr\/wp-json\/wp\/v2\/comments?post=1875"}],"version-history":[{"count":4,"href":"https:\/\/www.broconpack.com\/fr\/wp-json\/wp\/v2\/pages\/1875\/revisions"}],"predecessor-version":[{"id":2546,"href":"https:\/\/www.broconpack.com\/fr\/wp-json\/wp\/v2\/pages\/1875\/revisions\/2546"}],"wp:attachment":[{"href":"https:\/\/www.broconpack.com\/fr\/wp-json\/wp\/v2\/media?parent=1875"}],"curies":[{"name":"wp","href":"https:\/\/api.w.org\/{rel}","templated":true}]}}