{"id":1897,"date":"2019-12-20T10:27:54","date_gmt":"2019-12-20T09:27:54","guid":{"rendered":"http:\/\/broconpack.com.w01b900c.kasserver.com\/lenvironnement\/"},"modified":"2019-12-20T10:33:44","modified_gmt":"2019-12-20T09:33:44","slug":"lenvironnement","status":"publish","type":"page","link":"https:\/\/www.broconpack.com\/fr\/lenvironnement\/","title":{"rendered":"L&rsquo;environnement"},"content":{"rendered":"<div id='full_slider_1'  class='avia-fullwidth-slider main_color avia-shadow   avia-builder-el-0  el_before_av_section  avia-builder-el-first   container_wrap sidebar_right' style=' '  ><div   data-size='no scaling'  data-lightbox_size='large'  data-animation='fade'  data-conditional_play=''  data-ids='552,556,553,555,550'  data-video_counter='0'  data-autoplay='true'  data-bg_slider='false'  data-slide_height=''  data-handle='av_slideshow_full'  data-interval='6'  data-class=' '  data-el_id=''  data-css_id=''  data-scroll_down=''  data-control_layout='av-control-default'  data-custom_markup=''  data-perma_caption=''  data-autoplay_stopper=''  data-image_attachment=''  data-min_height='0px'  data-lazy_loading='disabled'  data-src=''  data-position='top left'  data-repeat='no-repeat'  data-attach='scroll'  data-stretch=''  class='avia-slideshow avia-slideshow-1  av-control-default av-default-height-applied avia-slideshow-no scaling av_slideshow_full   avia-fade-slider '  itemprop=\"image\" itemscope=\"itemscope\" itemtype=\"https:\/\/schema.org\/ImageObject\" ><ul class='avia-slideshow-inner ' style='padding-bottom: 48%;' ><li  class=' slide-1 ' ><div data-rel='slideshow-1' class='avia-slide-wrap '   ><img class=\"wp-image-1938 avia-img-lazy-loading-not-1938\"  src=\"https:\/\/www.broconpack.com\/wp-content\/uploads\/box-taschen-slider-broconpack.jpg\" width=\"1800\" height=\"864\" title='box-taschen-slider-broconpack' alt=''  itemprop=\"thumbnailUrl\" srcset=\"https:\/\/www.broconpack.com\/wp-content\/uploads\/box-taschen-slider-broconpack.jpg 1800w, https:\/\/www.broconpack.com\/wp-content\/uploads\/box-taschen-slider-broconpack-900x432.jpg 900w, https:\/\/www.broconpack.com\/wp-content\/uploads\/box-taschen-slider-broconpack-768x369.jpg 768w, https:\/\/www.broconpack.com\/wp-content\/uploads\/box-taschen-slider-broconpack-600x288.jpg 600w, https:\/\/www.broconpack.com\/wp-content\/uploads\/box-taschen-slider-broconpack-450x216.jpg 450w\" sizes=\"(max-width: 1800px) 100vw, 1800px\" \/><\/div><\/li><li  class=' slide-2 ' ><div data-rel='slideshow-1' class='avia-slide-wrap '   ><img class=\"wp-image-1942 avia-img-lazy-loading-not-1942\"  src=\"https:\/\/www.broconpack.com\/wp-content\/uploads\/taschen-slider-broconpack.jpg\" width=\"1800\" height=\"864\" title='taschen-slider-broconpack' alt=''  itemprop=\"thumbnailUrl\" srcset=\"https:\/\/www.broconpack.com\/wp-content\/uploads\/taschen-slider-broconpack.jpg 1800w, https:\/\/www.broconpack.com\/wp-content\/uploads\/taschen-slider-broconpack-900x432.jpg 900w, https:\/\/www.broconpack.com\/wp-content\/uploads\/taschen-slider-broconpack-768x369.jpg 768w, https:\/\/www.broconpack.com\/wp-content\/uploads\/taschen-slider-broconpack-600x288.jpg 600w, https:\/\/www.broconpack.com\/wp-content\/uploads\/taschen-slider-broconpack-450x216.jpg 450w\" sizes=\"(max-width: 1800px) 100vw, 1800px\" \/><\/div><\/li><li  class=' slide-3 ' ><div data-rel='slideshow-1' class='avia-slide-wrap '   ><img class=\"wp-image-1939 avia-img-lazy-loading-not-1939\"  src=\"https:\/\/www.broconpack.com\/wp-content\/uploads\/boxen-slider-broconpack.jpg\" width=\"1800\" height=\"864\" title='boxen-slider-broconpack' alt=''  itemprop=\"thumbnailUrl\" srcset=\"https:\/\/www.broconpack.com\/wp-content\/uploads\/boxen-slider-broconpack.jpg 1800w, https:\/\/www.broconpack.com\/wp-content\/uploads\/boxen-slider-broconpack-900x432.jpg 900w, https:\/\/www.broconpack.com\/wp-content\/uploads\/boxen-slider-broconpack-768x369.jpg 768w, https:\/\/www.broconpack.com\/wp-content\/uploads\/boxen-slider-broconpack-600x288.jpg 600w, https:\/\/www.broconpack.com\/wp-content\/uploads\/boxen-slider-broconpack-450x216.jpg 450w\" sizes=\"(max-width: 1800px) 100vw, 1800px\" \/><\/div><\/li><li  class=' slide-4 ' ><div data-rel='slideshow-1' class='avia-slide-wrap '   ><img class=\"wp-image-1941 avia-img-lazy-loading-not-1941\"  src=\"https:\/\/www.broconpack.com\/wp-content\/uploads\/papiertaschen-slider-broconpack.jpg\" width=\"1800\" height=\"864\" title='papiertaschen-slider-broconpack' alt=''  itemprop=\"thumbnailUrl\" srcset=\"https:\/\/www.broconpack.com\/wp-content\/uploads\/papiertaschen-slider-broconpack.jpg 1800w, https:\/\/www.broconpack.com\/wp-content\/uploads\/papiertaschen-slider-broconpack-900x432.jpg 900w, https:\/\/www.broconpack.com\/wp-content\/uploads\/papiertaschen-slider-broconpack-768x369.jpg 768w, https:\/\/www.broconpack.com\/wp-content\/uploads\/papiertaschen-slider-broconpack-600x288.jpg 600w, https:\/\/www.broconpack.com\/wp-content\/uploads\/papiertaschen-slider-broconpack-450x216.jpg 450w, https:\/\/www.broconpack.com\/wp-content\/uploads\/papiertaschen-slider-broconpack-1500x720.jpg 1500w, https:\/\/www.broconpack.com\/wp-content\/uploads\/papiertaschen-slider-broconpack-705x338.jpg 705w\" sizes=\"(max-width: 1800px) 100vw, 1800px\" \/><\/div><\/li><li  class=' slide-5 ' ><div data-rel='slideshow-1' class='avia-slide-wrap '   ><img class=\"wp-image-1937 avia-img-lazy-loading-not-1937\"  src=\"https:\/\/www.broconpack.com\/wp-content\/uploads\/box-slider-broconpack.jpg\" width=\"1800\" height=\"864\" title='box-slider-broconpack' alt=''  itemprop=\"thumbnailUrl\" srcset=\"https:\/\/www.broconpack.com\/wp-content\/uploads\/box-slider-broconpack.jpg 1800w, https:\/\/www.broconpack.com\/wp-content\/uploads\/box-slider-broconpack-900x432.jpg 900w, https:\/\/www.broconpack.com\/wp-content\/uploads\/box-slider-broconpack-768x369.jpg 768w, https:\/\/www.broconpack.com\/wp-content\/uploads\/box-slider-broconpack-600x288.jpg 600w, https:\/\/www.broconpack.com\/wp-content\/uploads\/box-slider-broconpack-450x216.jpg 450w\" sizes=\"(max-width: 1800px) 100vw, 1800px\" \/><\/div><\/li><\/ul><div class='avia-slideshow-arrows avia-slideshow-controls'><a href='#prev' tabindex='-1' class='prev-slide' aria-hidden='true' data-av_icon='\ue87c' data-av_iconfont='entypo-fontello'>Pr\u00e9c\u00e9dent<\/a><a href='#next' tabindex='-1' class='next-slide' aria-hidden='true' data-av_icon='\ue87d' data-av_iconfont='entypo-fontello'>Suivant<\/a><\/div><div class='avia-slideshow-dots avia-slideshow-controls'><a href='#1' class='goto-slide active' >1<\/a><a href='#2' class='goto-slide ' >2<\/a><a href='#3' class='goto-slide ' >3<\/a><a href='#4' class='goto-slide ' >4<\/a><a href='#5' class='goto-slide ' >5<\/a><\/div><\/div><\/div>\n<div id='av_section_1'  class='avia-section main_color avia-section-default avia-no-border-styling  avia-bg-style-scroll  avia-builder-el-1  el_after_av_slideshow_full  el_before_av_one_half   container_wrap sidebar_right' style=' '  ><div class='container' ><div class='template-page content  av-content-small alpha units'><div class='post-entry post-entry-type-page post-entry-1897'><div class='entry-content-wrapper clearfix'>\n<div  style='padding-bottom:0px; font-size:45px;' class='av-special-heading av-special-heading-h1  blockquote modern-quote modern-centered  avia-builder-el-2  avia-builder-el-no-sibling  av-inherit-size '><h1 class='av-special-heading-tag '  itemprop=\"headline\"  >L\u2019ENVIRONNEMENT AU CENTRE DE NOS EFFORTS<\/h1><div class ='av-subheading av-subheading_below  ' style='font-size:17px;'><p>Nous nous engageons en faveur d\u2019une utilisation respectueuse de notre environnement et nous visons \u00e0 apporter une contribution positive.<\/p>\n<\/div><div class='special-heading-border'><div class='special-heading-inner-border' ><\/div><\/div><\/div>\n<\/div><\/div><\/div><!-- close content main div --><\/div><\/div><div id='after_section_1'  class='main_color av_default_container_wrap container_wrap sidebar_right' style=' '  ><div class='container' ><div class='template-page content  av-content-small alpha units'><div class='post-entry post-entry-type-page post-entry-1897'><div class='entry-content-wrapper clearfix'>\n<div class=\"flex_column av_one_half  flex_column_div av-zero-column-padding first  avia-builder-el-3  el_after_av_section  el_before_av_one_half  avia-builder-el-first  \" style='border-radius:0px; '><article  class=\"iconbox iconbox_top av-no-box   avia-builder-el-4  avia-builder-el-no-sibling  \"  itemscope=\"itemscope\" itemtype=\"https:\/\/schema.org\/CreativeWork\" ><div class=\"iconbox_content\"><header class=\"entry-content-header\"><div class=\"iconbox_icon heading-color\" aria-hidden='true' data-av_icon='\ue8b8' data-av_iconfont='entypo-fontello'  style='border:1px solid #5e5e5e; color:#5e5e5e; ' ><\/div><h3 class='iconbox_content_title  '  itemprop=\"headline\"  >PAPIER ET CARTON<\/h3><\/header><div class='iconbox_content_container  '  itemprop=\"text\"  ><p>Nos produits en papier et en carton sont 100% biod\u00e9gradables et fabriqu\u00e9s \u00e0 partir des mati\u00e8res premi\u00e8res renouvelables. Nos sacs en papier sont r\u00e9utilisables, et m\u00eame s\u2019ils s\u2019ab\u00eement ou sont endommag\u00e9s par l\u2019eau, il peuvent \u00eatre recycl\u00e9s jusqu\u2019\u00e0 sept fois.<\/p>\n<\/div><\/div><footer class=\"entry-footer\"><\/footer><\/article><\/div>\n<div class=\"flex_column av_one_half  flex_column_div av-zero-column-padding   avia-builder-el-5  el_after_av_one_half  el_before_av_one_half  \" style='border-radius:0px; '><article  class=\"iconbox iconbox_top av-no-box   avia-builder-el-6  avia-builder-el-no-sibling  \"  itemscope=\"itemscope\" itemtype=\"https:\/\/schema.org\/CreativeWork\" ><div class=\"iconbox_content\"><header class=\"entry-content-header\"><div class=\"iconbox_icon heading-color\" aria-hidden='true' data-av_icon='\uf101' data-av_iconfont='flaticon'  style='border:1px solid #5e5e5e; color:#5e5e5e; ' ><\/div><h3 class='iconbox_content_title  '  itemprop=\"headline\"  >REACH<\/h3><\/header><div class='iconbox_content_container  '  itemprop=\"text\"  ><p>Nous agissons en conformit\u00e9 avec le r\u00e8glement REACH, et nous satisfaisons par cons\u00e9quent aux exigences du r\u00e8glement europ\u00e9en sur les substances chimiques. L\u2019objectif consiste \u00e0 s\u00e9curiser la fabrication et l\u2019utilisation des substances soumises aux crit\u00e8res de REACH ainsi que des produits r\u00e9sultant. Nos sous-traitants ont confirm\u00e9 que les ingr\u00e9dients et substances contenus dans leurs produits fournis sont enregistr\u00e9s pour l\u2019utilisation aussit\u00f4t qu\u2019ils soient soumis \u00e0 d\u00e9claration selon les dispositions du r\u00e8glement REACH.<\/p>\n<\/div><\/div><footer class=\"entry-footer\"><\/footer><\/article><\/div>\n<div class=\"flex_column av_one_half  flex_column_div first  avia-builder-el-7  el_after_av_one_half  el_before_av_one_half  column-top-margin\" style='padding:20px 0px 0px 0px ; border-radius:0px; '><p><div  class='avia-image-container  av-styling-    avia-builder-el-8  el_before_av_textblock  avia-builder-el-first  avia-align-center '  itemprop=\"image\" itemscope=\"itemscope\" itemtype=\"https:\/\/schema.org\/ImageObject\"  ><div class='avia-image-container-inner'><div class='avia-image-overlay-wrap'><img class='wp-image-1903 avia-img-lazy-loading-not-1903 avia_image' src=\"https:\/\/www.broconpack.com\/wp-content\/uploads\/fsc-logo-small.png\" alt='' title='fsc-logo-small' height=\"158\" width=\"100\"  itemprop=\"thumbnailUrl\"  \/><\/div><\/div><\/div><br \/>\n<section class=\"av_textblock_section \"  itemscope=\"itemscope\" itemtype=\"https:\/\/schema.org\/CreativeWork\" ><div class='avia_textblock  '   itemprop=\"text\" ><h3 style=\"text-align: center;\">CHAINE DE TRA\u00c7ABILIT\u00c9 FSC<sup>\u00ae<\/sup><\/h3>\n<p>Nous soutenons l\u2019am\u00e9nagement \u00e9cologiquement responsable des for\u00eats dans le monde entier et nous sommes tr\u00e8s fiers de notre certification FSC<sup>\u00ae<\/sup>. De m\u00eame, nous veillons, dans la mesure du possible, \u00e0 ce que les produits achet\u00e9s ne proviennent pas d\u2019une source douteuse. \u00a0Le terme \u00ab\u00a0source douteuse\u00a0\u00bb englobe\u00a0:<\/p>\n<ul>\n<li>R\u00e9colte de bois ill\u00e9gale et commerce avec du bois ill\u00e9gal et des produits associ\u00e9s<\/li>\n<li>Bois provenant des territoires o\u00f9 les droits civiques ou traditionnels ne sont pas respect\u00e9s<\/li>\n<li>Bois provenant des for\u00eats o\u00f9 l\u2019exploitation foresti\u00e8re met en p\u00e9ril leur valeur de conservation<\/li>\n<li>Bois provenant de la transformation des for\u00eats naturelles en plantations ou en territoires qui ne sont pas consacr\u00e9s \u00e0 la sylviculture<\/li>\n<li>Bois provenant des for\u00eats peupl\u00e9es des esp\u00e8ces d\u2019arbres g\u00e9n\u00e9tiquement modifi\u00e9es<\/li>\n<li>La violation des droits fondamentaux au travail stipul\u00e9s dans la d\u00e9claration de l\u2019OIT de 1998<\/li>\n<\/ul>\n<\/div><\/section><\/p><\/div><div class=\"flex_column av_one_half  flex_column_div av-zero-column-padding   avia-builder-el-10  el_after_av_one_half  avia-builder-el-last  column-top-margin\" style='border-radius:0px; '><\/div><\/p>\n","protected":false},"excerpt":{"rendered":"","protected":false},"author":1,"featured_media":0,"parent":0,"menu_order":0,"comment_status":"closed","ping_status":"closed","template":"","meta":{"_monsterinsights_skip_tracking":false,"_monsterinsights_sitenote_active":false,"_monsterinsights_sitenote_note":"","_monsterinsights_sitenote_category":0},"_links":{"self":[{"href":"https:\/\/www.broconpack.com\/fr\/wp-json\/wp\/v2\/pages\/1897"}],"collection":[{"href":"https:\/\/www.broconpack.com\/fr\/wp-json\/wp\/v2\/pages"}],"about":[{"href":"https:\/\/www.broconpack.com\/fr\/wp-json\/wp\/v2\/types\/page"}],"author":[{"embeddable":true,"href":"https:\/\/www.broconpack.com\/fr\/wp-json\/wp\/v2\/users\/1"}],"replies":[{"embeddable":true,"href":"https:\/\/www.broconpack.com\/fr\/wp-json\/wp\/v2\/comments?post=1897"}],"version-history":[{"count":0,"href":"https:\/\/www.broconpack.com\/fr\/wp-json\/wp\/v2\/pages\/1897\/revisions"}],"wp:attachment":[{"href":"https:\/\/www.broconpack.com\/fr\/wp-json\/wp\/v2\/media?parent=1897"}],"curies":[{"name":"wp","href":"https:\/\/api.w.org\/{rel}","templated":true}]}}